{"id":864,"date":"2026-02-20T16:19:17","date_gmt":"2026-02-20T21:19:17","guid":{"rendered":"https:\/\/focussmartmedia.net\/racking\/?page_id=864"},"modified":"2026-02-26T01:21:53","modified_gmt":"2026-02-26T06:21:53","slug":"abanicos-industriales","status":"publish","type":"page","link":"https:\/\/focussmartmedia.net\/racking\/productos\/abanicos-industriales\/","title":{"rendered":"Abanicos Industriales"},"content":{"rendered":"\t\t<div data-elementor-type=\"wp-page\" data-elementor-id=\"864\" class=\"elementor elementor-864\" data-elementor-post-type=\"page\">\n\t\t\t\t<div class=\"elementor-element elementor-element-30ae445 e-flex e-con-boxed e-con e-parent\" data-id=\"30ae445\" data-element_type=\"container\" data-e-type=\"container\" data-settings=\"{&quot;background_background&quot;:&quot;classic&quot;}\">\n\t\t\t\t\t<div class=\"e-con-inner\">\n\t\t<div class=\"elementor-element elementor-element-9edecb5 e-flex e-con-boxed e-con e-child\" data-id=\"9edecb5\" data-element_type=\"container\" data-e-type=\"container\">\n\t\t\t\t\t<div class=\"e-con-inner\">\n\t\t\t\t<div class=\"elementor-element elementor-element-bcc262d elementor-widget elementor-widget-heading\" data-id=\"bcc262d\" data-element_type=\"widget\" data-e-type=\"widget\" data-widget_type=\"heading.default\">\n\t\t\t\t\t<h2 class=\"elementor-heading-title elementor-size-default\">Abanicos Industriales &amp;<span> Sistemas de Ventilaci\u00f3n<\/span><\/h2>\t\t\t\t<\/div>\n\t\t\t\t<div class=\"elementor-element elementor-element-4610507 elementor-widget elementor-widget-text-editor\" data-id=\"4610507\" data-element_type=\"widget\" data-e-type=\"widget\" data-widget_type=\"text-editor.default\">\n\t\t\t\t\t\t\t\t\t<p>Los ventiladores de RACO son conocidos por su eficiencia energ\u00e9tica y su capacidad para proporcionar una excelente circulaci\u00f3n de aire en diversos entornos, desde almacenes industriales hasta centros de distribuci\u00f3n de \u00faltima generaci\u00f3n.<\/p>\t\t\t\t\t\t\t\t<\/div>\n\t\t\t\t\t<\/div>\n\t\t\t\t<\/div>\n\t\t\t\t\t<\/div>\n\t\t\t\t<\/div>\n\t\t<div class=\"elementor-element elementor-element-29475b2 e-flex e-con-boxed e-con e-parent\" data-id=\"29475b2\" data-element_type=\"container\" data-e-type=\"container\">\n\t\t\t\t\t<div class=\"e-con-inner\">\n\t\t<div class=\"elementor-element elementor-element-bd7ab9c e-con-full e-flex e-con e-child\" data-id=\"bd7ab9c\" data-element_type=\"container\" data-e-type=\"container\">\n\t\t\t\t<div class=\"elementor-element elementor-element-93f49ff elementor-align-center elementor-widget elementor-widget-button\" data-id=\"93f49ff\" data-element_type=\"widget\" data-e-type=\"widget\" data-widget_type=\"button.default\">\n\t\t\t\t\t\t\t\t\t\t<a class=\"elementor-button elementor-button-link elementor-size-sm\" href=\"#\">\n\t\t\t\t\t\t<span class=\"elementor-button-content-wrapper\">\n\t\t\t\t\t\t\t\t\t<span class=\"elementor-button-text\">Sistema de Ventilaci\u00f3n<\/span>\n\t\t\t\t\t<\/span>\n\t\t\t\t\t<\/a>\n\t\t\t\t\t\t\t\t<\/div>\n\t\t\t\t<div class=\"elementor-element elementor-element-ca966ba elementor-widget elementor-widget-heading\" data-id=\"ca966ba\" data-element_type=\"widget\" data-e-type=\"widget\" data-widget_type=\"heading.default\">\n\t\t\t\t\t<h3 class=\"elementor-heading-title elementor-size-default\">Tecnolog\u00eda de Vanguardia para Sistemas de Ventilaci\u00f3n<\/h3>\t\t\t\t<\/div>\n\t\t\t\t<div class=\"elementor-element elementor-element-cb252bc elementor-widget elementor-widget-text-editor\" data-id=\"cb252bc\" data-element_type=\"widget\" data-e-type=\"widget\" data-widget_type=\"text-editor.default\">\n\t\t\t\t\t\t\t\t\t<p>Los ventiladores industriales juegan un papel crucial en el mantenimiento de condiciones \u00f3ptimas dentro de un almac\u00e9n. Esto es particularmente cierto en las regiones de LATAM y CARICOM, donde una adecuada circulaci\u00f3n de aire ayuda a mantener una temperatura confortable y reduce los niveles de humedad, haciendo que el ambiente de trabajo sea m\u00e1s agradable para los empleados.<br \/><br \/>El vasto cat\u00e1logo de abanicos industriales y sistemas de ventilaci\u00f3n de RACO tiene soluciones que se adaptan a las necesidades de su proyecto y presupuesto.<br \/><br \/>Todos nuestros abanicos est\u00e1n dise\u00f1ados para superar sus expectativas. Equipados con tecnolog\u00eda de \u00faltima generaci\u00f3n, como el motor de im\u00e1n permanente (PMSM), que ofrece alta eficiencia, bajo mantenimiento y bajo nivel de ruido. Igualmente, nuestros ventiladores de alto volumen y baja velocidad (HVLS) son el l\u00edder indiscutible y la primera opci\u00f3n para la ventilaci\u00f3n de almacenes.<br \/><br \/>Caracter\u00edsticas clave:<\/p><ul><li style=\"list-style-type: none;\"><ul><li>Bajo costo de adquisici\u00f3n: \u00a1la mejor relaci\u00f3n costo-beneficio disponible en el mercado!<\/li><li>Calidad: construcci\u00f3n robusta sin comprometer el dise\u00f1o y la est\u00e9tica de los ventiladores.<\/li><li>Seguridad: m\u00faltiples medidas de protecci\u00f3n para prevenir accidentes en circunstancias imprevistas.<\/li><\/ul><\/li><\/ul><ul><li>Eficiencia energ\u00e9tica: los ventiladores operan con un consumo m\u00ednimo de energ\u00eda, reduciendo los costos operativos del almac\u00e9n.<\/li><\/ul>\t\t\t\t\t\t\t\t<\/div>\n\t\t\t\t<\/div>\n\t\t\t\t\t<\/div>\n\t\t\t\t<\/div>\n\t\t<div class=\"elementor-element elementor-element-590bc40 e-flex e-con-boxed e-con e-parent\" data-id=\"590bc40\" data-element_type=\"container\" data-e-type=\"container\" data-settings=\"{&quot;background_background&quot;:&quot;classic&quot;}\">\n\t\t\t\t\t<div class=\"e-con-inner\">\n\t\t\t\t<div class=\"elementor-element elementor-element-5cfbc34 elementor-widget elementor-widget-heading\" data-id=\"5cfbc34\" data-element_type=\"widget\" data-e-type=\"widget\" data-widget_type=\"heading.default\">\n\t\t\t\t\t<h3 class=\"elementor-heading-title elementor-size-default\">Galer\u00eda<\/h3>\t\t\t\t<\/div>\n\t\t\t\t<div class=\"elementor-element elementor-element-ede4f1a elementor-widget elementor-widget-gallery\" data-id=\"ede4f1a\" data-element_type=\"widget\" data-e-type=\"widget\" data-settings=\"{&quot;gap&quot;:{&quot;unit&quot;:&quot;px&quot;,&quot;size&quot;:20,&quot;sizes&quot;:[]},&quot;image_hover_animation&quot;:&quot;grow&quot;,&quot;lazyload&quot;:&quot;yes&quot;,&quot;gallery_layout&quot;:&quot;grid&quot;,&quot;columns&quot;:4,&quot;columns_tablet&quot;:2,&quot;columns_mobile&quot;:1,&quot;gap_tablet&quot;:{&quot;unit&quot;:&quot;px&quot;,&quot;size&quot;:10,&quot;sizes&quot;:[]},&quot;gap_mobile&quot;:{&quot;unit&quot;:&quot;px&quot;,&quot;size&quot;:10,&quot;sizes&quot;:[]},&quot;link_to&quot;:&quot;file&quot;,&quot;aspect_ratio&quot;:&quot;3:2&quot;,&quot;overlay_background&quot;:&quot;yes&quot;,&quot;content_hover_animation&quot;:&quot;fade-in&quot;}\" data-widget_type=\"gallery.default\">\n\t\t\t\t\t\t\t<div class=\"elementor-gallery__container\">\n\t\t\t\t\t\t\t<a class=\"e-gallery-item elementor-gallery-item elementor-animated-content\" href=\"https:\/\/focussmartmedia.net\/racking\/wp-content\/uploads\/2026\/01\/Picture37.webp\" data-elementor-open-lightbox=\"yes\" data-elementor-lightbox-slideshow=\"ede4f1a\" data-elementor-lightbox-title=\"high volumen low speed fans\" data-e-action-hash=\"#elementor-action%3Aaction%3Dlightbox%26settings%3DeyJpZCI6Mzg5LCJ1cmwiOiJodHRwczpcL1wvZm9jdXNzbWFydG1lZGlhLm5ldFwvcmFja2luZ1wvd3AtY29udGVudFwvdXBsb2Fkc1wvMjAyNlwvMDFcL1BpY3R1cmUzNy53ZWJwIiwic2xpZGVzaG93IjoiZWRlNGYxYSJ9\">\n\t\t\t\t\t<div class=\"e-gallery-image elementor-gallery-item__image\" data-thumbnail=\"https:\/\/focussmartmedia.net\/racking\/wp-content\/uploads\/2026\/01\/Picture37.webp\" data-width=\"320\" data-height=\"253\" aria-label=\"high volumen low speed fans\" role=\"img\" ><\/div>\n\t\t\t\t\t\t\t\t\t\t\t<div class=\"elementor-gallery-item__overlay\"><\/div>\n\t\t\t\t\t\t\t\t\t\t\t\t\t\t<\/a>\n\t\t\t\t\t\t\t<a class=\"e-gallery-item elementor-gallery-item elementor-animated-content\" href=\"https:\/\/focussmartmedia.net\/racking\/wp-content\/uploads\/2026\/01\/Picture39.webp\" data-elementor-open-lightbox=\"yes\" data-elementor-lightbox-slideshow=\"ede4f1a\" data-elementor-lightbox-title=\"ventilation systems\" data-e-action-hash=\"#elementor-action%3Aaction%3Dlightbox%26settings%3DeyJpZCI6Mzg3LCJ1cmwiOiJodHRwczpcL1wvZm9jdXNzbWFydG1lZGlhLm5ldFwvcmFja2luZ1wvd3AtY29udGVudFwvdXBsb2Fkc1wvMjAyNlwvMDFcL1BpY3R1cmUzOS53ZWJwIiwic2xpZGVzaG93IjoiZWRlNGYxYSJ9\">\n\t\t\t\t\t<div class=\"e-gallery-image elementor-gallery-item__image\" data-thumbnail=\"https:\/\/focussmartmedia.net\/racking\/wp-content\/uploads\/2026\/01\/Picture39.webp\" data-width=\"320\" data-height=\"254\" aria-label=\"ventilation systems\" role=\"img\" ><\/div>\n\t\t\t\t\t\t\t\t\t\t\t<div class=\"elementor-gallery-item__overlay\"><\/div>\n\t\t\t\t\t\t\t\t\t\t\t\t\t\t<\/a>\n\t\t\t\t\t\t\t<a class=\"e-gallery-item elementor-gallery-item elementor-animated-content\" href=\"https:\/\/focussmartmedia.net\/racking\/wp-content\/uploads\/2026\/01\/Picture38.webp\" data-elementor-open-lightbox=\"yes\" data-elementor-lightbox-slideshow=\"ede4f1a\" data-elementor-lightbox-title=\"Picture38\" data-e-action-hash=\"#elementor-action%3Aaction%3Dlightbox%26settings%3DeyJpZCI6Mzg4LCJ1cmwiOiJodHRwczpcL1wvZm9jdXNzbWFydG1lZGlhLm5ldFwvcmFja2luZ1wvd3AtY29udGVudFwvdXBsb2Fkc1wvMjAyNlwvMDFcL1BpY3R1cmUzOC53ZWJwIiwic2xpZGVzaG93IjoiZWRlNGYxYSJ9\">\n\t\t\t\t\t<div class=\"e-gallery-image elementor-gallery-item__image\" data-thumbnail=\"https:\/\/focussmartmedia.net\/racking\/wp-content\/uploads\/2026\/01\/Picture38.webp\" data-width=\"320\" data-height=\"254\" aria-label=\"\" role=\"img\" ><\/div>\n\t\t\t\t\t\t\t\t\t\t\t<div class=\"elementor-gallery-item__overlay\"><\/div>\n\t\t\t\t\t\t\t\t\t\t\t\t\t\t<\/a>\n\t\t\t\t\t\t\t<a class=\"e-gallery-item elementor-gallery-item elementor-animated-content\" href=\"https:\/\/focussmartmedia.net\/racking\/wp-content\/uploads\/2026\/01\/Picture32.webp\" data-elementor-open-lightbox=\"yes\" data-elementor-lightbox-slideshow=\"ede4f1a\" data-elementor-lightbox-title=\"large size ceiling fan\" data-e-action-hash=\"#elementor-action%3Aaction%3Dlightbox%26settings%3DeyJpZCI6Mzk0LCJ1cmwiOiJodHRwczpcL1wvZm9jdXNzbWFydG1lZGlhLm5ldFwvcmFja2luZ1wvd3AtY29udGVudFwvdXBsb2Fkc1wvMjAyNlwvMDFcL1BpY3R1cmUzMi53ZWJwIiwic2xpZGVzaG93IjoiZWRlNGYxYSJ9\">\n\t\t\t\t\t<div class=\"e-gallery-image elementor-gallery-item__image\" data-thumbnail=\"https:\/\/focussmartmedia.net\/racking\/wp-content\/uploads\/2026\/01\/Picture32.webp\" data-width=\"588\" data-height=\"433\" aria-label=\"large size ceiling fan\" role=\"img\" ><\/div>\n\t\t\t\t\t\t\t\t\t\t\t<div class=\"elementor-gallery-item__overlay\"><\/div>\n\t\t\t\t\t\t\t\t\t\t\t\t\t\t<\/a>\n\t\t\t\t\t\t\t<a class=\"e-gallery-item elementor-gallery-item elementor-animated-content\" href=\"https:\/\/focussmartmedia.net\/racking\/wp-content\/uploads\/2026\/01\/Picture34.webp\" data-elementor-open-lightbox=\"yes\" data-elementor-lightbox-slideshow=\"ede4f1a\" data-elementor-lightbox-title=\"ceiling fan\" data-e-action-hash=\"#elementor-action%3Aaction%3Dlightbox%26settings%3DeyJpZCI6MzkyLCJ1cmwiOiJodHRwczpcL1wvZm9jdXNzbWFydG1lZGlhLm5ldFwvcmFja2luZ1wvd3AtY29udGVudFwvdXBsb2Fkc1wvMjAyNlwvMDFcL1BpY3R1cmUzNC53ZWJwIiwic2xpZGVzaG93IjoiZWRlNGYxYSJ9\">\n\t\t\t\t\t<div class=\"e-gallery-image elementor-gallery-item__image\" data-thumbnail=\"https:\/\/focussmartmedia.net\/racking\/wp-content\/uploads\/2026\/01\/Picture34.webp\" data-width=\"284\" data-height=\"273\" aria-label=\"ceiling fan\" role=\"img\" ><\/div>\n\t\t\t\t\t\t\t\t\t\t\t<div class=\"elementor-gallery-item__overlay\"><\/div>\n\t\t\t\t\t\t\t\t\t\t\t\t\t\t<\/a>\n\t\t\t\t\t\t\t<a class=\"e-gallery-item elementor-gallery-item elementor-animated-content\" href=\"https:\/\/focussmartmedia.net\/racking\/wp-content\/uploads\/2026\/01\/Picture33.webp\" data-elementor-open-lightbox=\"yes\" data-elementor-lightbox-slideshow=\"ede4f1a\" data-elementor-lightbox-title=\"mid size ceiling fan\" data-e-action-hash=\"#elementor-action%3Aaction%3Dlightbox%26settings%3DeyJpZCI6MzkzLCJ1cmwiOiJodHRwczpcL1wvZm9jdXNzbWFydG1lZGlhLm5ldFwvcmFja2luZ1wvd3AtY29udGVudFwvdXBsb2Fkc1wvMjAyNlwvMDFcL1BpY3R1cmUzMy53ZWJwIiwic2xpZGVzaG93IjoiZWRlNGYxYSJ9\">\n\t\t\t\t\t<div class=\"e-gallery-image elementor-gallery-item__image\" data-thumbnail=\"https:\/\/focussmartmedia.net\/racking\/wp-content\/uploads\/2026\/01\/Picture33.webp\" data-width=\"280\" data-height=\"272\" aria-label=\"mid size ceiling fan\" role=\"img\" ><\/div>\n\t\t\t\t\t\t\t\t\t\t\t<div class=\"elementor-gallery-item__overlay\"><\/div>\n\t\t\t\t\t\t\t\t\t\t\t\t\t\t<\/a>\n\t\t\t\t\t\t\t<a class=\"e-gallery-item elementor-gallery-item elementor-animated-content\" href=\"https:\/\/focussmartmedia.net\/racking\/wp-content\/uploads\/2026\/01\/Picture35.webp\" data-elementor-open-lightbox=\"yes\" data-elementor-lightbox-slideshow=\"ede4f1a\" data-elementor-lightbox-title=\"HVLS fan\" data-e-action-hash=\"#elementor-action%3Aaction%3Dlightbox%26settings%3DeyJpZCI6MzkxLCJ1cmwiOiJodHRwczpcL1wvZm9jdXNzbWFydG1lZGlhLm5ldFwvcmFja2luZ1wvd3AtY29udGVudFwvdXBsb2Fkc1wvMjAyNlwvMDFcL1BpY3R1cmUzNS53ZWJwIiwic2xpZGVzaG93IjoiZWRlNGYxYSJ9\">\n\t\t\t\t\t<div class=\"e-gallery-image elementor-gallery-item__image\" data-thumbnail=\"https:\/\/focussmartmedia.net\/racking\/wp-content\/uploads\/2026\/01\/Picture35.webp\" data-width=\"411\" data-height=\"436\" aria-label=\"HVLS fan\" role=\"img\" ><\/div>\n\t\t\t\t\t\t\t\t\t\t\t<div class=\"elementor-gallery-item__overlay\"><\/div>\n\t\t\t\t\t\t\t\t\t\t\t\t\t\t<\/a>\n\t\t\t\t\t\t\t<a class=\"e-gallery-item elementor-gallery-item elementor-animated-content\" href=\"https:\/\/focussmartmedia.net\/racking\/wp-content\/uploads\/2026\/01\/Picture36-e1727955257967.webp\" data-elementor-open-lightbox=\"yes\" data-elementor-lightbox-slideshow=\"ede4f1a\" data-elementor-lightbox-title=\"free-standing ventilator\" data-e-action-hash=\"#elementor-action%3Aaction%3Dlightbox%26settings%3DeyJpZCI6MzkwLCJ1cmwiOiJodHRwczpcL1wvZm9jdXNzbWFydG1lZGlhLm5ldFwvcmFja2luZ1wvd3AtY29udGVudFwvdXBsb2Fkc1wvMjAyNlwvMDFcL1BpY3R1cmUzNi1lMTcyNzk1NTI1Nzk2Ny53ZWJwIiwic2xpZGVzaG93IjoiZWRlNGYxYSJ9\">\n\t\t\t\t\t<div class=\"e-gallery-image elementor-gallery-item__image\" data-thumbnail=\"https:\/\/focussmartmedia.net\/racking\/wp-content\/uploads\/2026\/01\/Picture36-e1727955257967.webp\" data-width=\"403\" data-height=\"358\" aria-label=\"free-standing ventilator\" role=\"img\" ><\/div>\n\t\t\t\t\t\t\t\t\t\t\t<div class=\"elementor-gallery-item__overlay\"><\/div>\n\t\t\t\t\t\t\t\t\t\t\t\t\t\t<\/a>\n\t\t\t\t\t<\/div>\n\t\t\t\t\t<\/div>\n\t\t\t\t\t<\/div>\n\t\t\t\t<\/div>\n\t\t\t\t<\/div>\n\t\t","protected":false},"excerpt":{"rendered":"<p>Abanicos Industriales &amp; Sistemas de Ventilaci\u00f3n Los ventiladores de RACO son conocidos por su eficiencia energ\u00e9tica y su capacidad para proporcionar una excelente circulaci\u00f3n de aire en diversos entornos, desde almacenes industriales hasta centros de distribuci\u00f3n de \u00faltima generaci\u00f3n. Sistema de Ventilaci\u00f3n Tecnolog\u00eda de Vanguardia para Sistemas de Ventilaci\u00f3n Los ventiladores industriales juegan un papel &#8230; <a title=\"Abanicos Industriales\" class=\"read-more\" href=\"https:\/\/focussmartmedia.net\/racking\/productos\/abanicos-industriales\/\" aria-label=\"Leer m\u00e1s sobre Abanicos Industriales\">Read more<\/a><\/p>\n","protected":false},"author":1,"featured_media":0,"parent":835,"menu_order":0,"comment_status":"closed","ping_status":"closed","template":"","meta":{"footnotes":""},"class_list":["post-864","page","type-page","status-publish"],"_links":{"self":[{"href":"https:\/\/focussmartmedia.net\/racking\/wp-json\/wp\/v2\/pages\/864","targetHints":{"allow":["GET"]}}],"collection":[{"href":"https:\/\/focussmartmedia.net\/racking\/wp-json\/wp\/v2\/pages"}],"about":[{"href":"https:\/\/focussmartmedia.net\/racking\/wp-json\/wp\/v2\/types\/page"}],"author":[{"embeddable":true,"href":"https:\/\/focussmartmedia.net\/racking\/wp-json\/wp\/v2\/users\/1"}],"replies":[{"embeddable":true,"href":"https:\/\/focussmartmedia.net\/racking\/wp-json\/wp\/v2\/comments?post=864"}],"version-history":[{"count":10,"href":"https:\/\/focussmartmedia.net\/racking\/wp-json\/wp\/v2\/pages\/864\/revisions"}],"predecessor-version":[{"id":975,"href":"https:\/\/focussmartmedia.net\/racking\/wp-json\/wp\/v2\/pages\/864\/revisions\/975"}],"up":[{"embeddable":true,"href":"https:\/\/focussmartmedia.net\/racking\/wp-json\/wp\/v2\/pages\/835"}],"wp:attachment":[{"href":"https:\/\/focussmartmedia.net\/racking\/wp-json\/wp\/v2\/media?parent=864"}],"curies":[{"name":"wp","href":"https:\/\/api.w.org\/{rel}","templated":true}]}}